{"id":706,"date":"2017-04-24T07:57:54","date_gmt":"2017-04-24T07:57:54","guid":{"rendered":"http:\/\/www.dmasesores.com\/coaching-para-estudiantes\/"},"modified":"2024-06-21T15:02:35","modified_gmt":"2024-06-21T15:02:35","slug":"coaching-per-a-estudiants","status":"publish","type":"page","link":"https:\/\/www.dmasesores.com\/ca\/coaching-per-a-estudiants\/","title":{"rendered":"Coaching per a Estudiants"},"content":{"rendered":"<p>[et_pb_section fb_built=&#8221;1&#8243; admin_label=&#8221;section&#8221; _builder_version=&#8221;4.16&#8243; background_color=&#8221;#c60000&#8243; custom_padding=&#8221;0px||0px|&#8221; transparent_background=&#8221;off&#8221; make_fullwidth=&#8221;off&#8221; use_custom_width=&#8221;off&#8221; width_unit=&#8221;on&#8221; global_colors_info=&#8221;{}&#8221;][et_pb_row admin_label=&#8221;row&#8221; _builder_version=&#8221;4.16&#8243; background_size=&#8221;initial&#8221; background_position=&#8221;top_left&#8221; background_repeat=&#8221;repeat&#8221; custom_padding=&#8221;10px||10px|&#8221; make_fullwidth=&#8221;off&#8221; use_custom_width=&#8221;off&#8221; width_unit=&#8221;on&#8221; global_colors_info=&#8221;{}&#8221; column_structure=&#8221;1_2,1_2&#8243;][et_pb_column type=&#8221;1_2&#8243; _builder_version=&#8221;4.16&#8243; custom_padding=&#8221;|||&#8221; global_colors_info=&#8221;{}&#8221; custom_padding__hover=&#8221;|||&#8221;][et_pb_text admin_label=&#8221;Texto&#8221; _builder_version=&#8221;4.22.1&#8243; background_size=&#8221;initial&#8221; background_position=&#8221;top_left&#8221; background_repeat=&#8221;repeat&#8221; background_layout=&#8221;dark&#8221; hover_enabled=&#8221;0&#8243; border_style=&#8221;solid&#8221; global_colors_info=&#8221;{}&#8221; sticky_enabled=&#8221;0&#8243;]<\/p>\n<p>Avinguda Diagonal, 601, 8\u00aa Planta, 08028, Barcelona<\/p>\n<p>[\/et_pb_text][\/et_pb_column][et_pb_column type=&#8221;1_2&#8243; _builder_version=&#8221;4.16&#8243; custom_padding=&#8221;|||&#8221; global_colors_info=&#8221;{}&#8221; custom_padding__hover=&#8221;|||&#8221;][et_pb_text admin_label=&#8221;Texto&#8221; _builder_version=&#8221;4.22.1&#8243; header_font_size=&#8221;50&#8243; background_size=&#8221;initial&#8221; background_position=&#8221;top_left&#8221; background_repeat=&#8221;repeat&#8221; text_orientation=&#8221;right&#8221; background_layout=&#8221;dark&#8221; hover_enabled=&#8221;0&#8243; use_border_color=&#8221;off&#8221; border_color=&#8221;#ffffff&#8221; border_style=&#8221;solid&#8221; global_colors_info=&#8221;{}&#8221; sticky_enabled=&#8221;0&#8243;]<\/p>\n<p><a href=\"mailto:info@dmasesores.com\" target=\"_blank\" rel=\"noopener noreferrer\"><span style=\"color: white;\"><u>info@dmasesores.com<\/u><\/span><\/a> | Tel. <strong>+34 646.483.187<\/strong><\/p>\n<p>[\/et_pb_text][\/et_pb_column][\/et_pb_row][\/et_pb_section][et_pb_section fb_built=&#8221;1&#8243; fullwidth=&#8221;on&#8221; admin_label=&#8221;Secci\u00f3n&#8221; _builder_version=&#8221;4.16&#8243; global_colors_info=&#8221;{}&#8221;][et_pb_fullwidth_image src=&#8221;http:\/\/dmasesores.com\/wp-content\/uploads\/2017\/04\/coaching_estudiantes.png&#8221; disabled_on=&#8221;on||&#8221; admin_label=&#8221;Imagen de anchura completa&#8221; _builder_version=&#8221;4.16&#8243; use_border_color=&#8221;off&#8221; border_color=&#8221;#ffffff&#8221; border_style=&#8221;solid&#8221; animation=&#8221;off&#8221; global_colors_info=&#8221;{}&#8221;][\/et_pb_fullwidth_image][\/et_pb_section][et_pb_section fb_built=&#8221;1&#8243; admin_label=&#8221;Secci\u00f3n&#8221; _builder_version=&#8221;4.16&#8243; global_colors_info=&#8221;{}&#8221;][et_pb_row admin_label=&#8221;Fila&#8221; _builder_version=&#8221;4.16&#8243; background_size=&#8221;initial&#8221; background_position=&#8221;top_left&#8221; background_repeat=&#8221;repeat&#8221; global_colors_info=&#8221;{}&#8221; column_structure=&#8221;3_4,1_4&#8243;][et_pb_column type=&#8221;3_4&#8243; _builder_version=&#8221;4.16&#8243; custom_padding=&#8221;|||&#8221; global_colors_info=&#8221;{}&#8221; custom_padding__hover=&#8221;|||&#8221;][et_pb_text admin_label=&#8221;Texto&#8221; _builder_version=&#8221;4.16&#8243; background_size=&#8221;initial&#8221; background_position=&#8221;top_left&#8221; background_repeat=&#8221;repeat&#8221; text_orientation=&#8221;justified&#8221; use_border_color=&#8221;off&#8221; border_color=&#8221;#ffffff&#8221; border_style=&#8221;solid&#8221; global_colors_info=&#8221;{}&#8221;]<\/p>\n<h1 class=\"title\" style=\"text-align: left;\"><span style=\"color: #c60000;\">ORIENTACI\u00d3 &amp; COACHING PER A ESTUDIANTS<br \/>\n<\/span><\/h1>\n<h1 style=\"text-align: left;\"><span style=\"color: #c60000;\"><strong><br \/>\n<\/strong><\/span><\/h1>\n<p>[\/et_pb_text][et_pb_text admin_label=&#8221;Texto&#8221; _builder_version=&#8221;4.16&#8243; background_size=&#8221;initial&#8221; background_position=&#8221;top_left&#8221; background_repeat=&#8221;repeat&#8221; text_orientation=&#8221;justified&#8221; use_border_color=&#8221;off&#8221; border_color=&#8221;#ffffff&#8221; border_style=&#8221;solid&#8221; global_colors_info=&#8221;{}&#8221;]<strong>Ens importen els professionals del futur.<\/strong> Aportem una metodologia pr\u00f2pia i personalitzada i el nostre gran coneixement de mercat de treball perqu\u00e8 els nostres joves puguin tra\u00e7ar correctament el seu itinerari acad\u00e8mic-formatiu i arribin a assolir els seus \u00e8xits tant acad\u00e8mics com professionals.<\/p>\n<p><strong>L&#8217;objectiu del nostre programa<\/strong> va molt m\u00e9s enll\u00e0 de ser simplement una orientaci\u00f3 acad\u00e8mica, sin\u00f3 el convertir-nos en un &#8220;Coach&#8221; en tot l&#8217;itinerari acad\u00e8mic i professional del jove fins assolir els seus \u00e8xits.<\/p>\n<p>La nostra orientaci\u00f3 comen\u00e7a en l&#8217;elecci\u00f3 dels estudis adequats (Batxillerats o Formaci\u00f3 Professional, Estudis Universitaris) realitzant un seguiment i acompanyament en tot el seu itinerari formatiu, fins a la integraci\u00f3 en el mercat laboral i la seva posterior desenvolupament professional.<\/p>\n<p>&nbsp;<\/p>\n<h4 style=\"text-align: left;\"><strong><span style=\"color: #c60000;\">Fases del programa<\/span><\/strong><\/h4>\n<ul>\n<li><strong>Orientaci\u00f3 en l&#8217;Elecci\u00f3 d&#8217;Estudis,<\/strong> d&#8217;acord amb el seu talent, aptituds, interessos vocacionals, valors, i personalitat.<strong><br \/>\n<\/strong><\/li>\n<li><strong>Pla d&#8217;Acci\u00f3,<\/strong> establir el qu\u00e8 s&#8217;ha d&#8217;anar aconseguint per assolir el qu\u00e8 volem ser.<strong><br \/>\n<\/strong><\/li>\n<li><strong>Seguiment en tot l&#8217;Itinerari Formatiu.<br \/>\n<\/strong><\/li>\n<li><strong>Acompanyament en la seva Integraci\u00f3 en el Mercat Laboral i Desenvolupament Professional.<\/strong> Potenciaci\u00f3 de les seves compet\u00e8ncies clau i identificaci\u00f3 dels escenaris empresarials i ocupacions on es poden desenvolupar amb \u00e8xit.<strong><br \/>\n<\/strong><\/li>\n<li><strong>Gesti\u00f3 de Carrera Professional (Career Management), <\/strong>a trav\u00e9s dels nostres serveis recruitment i selecci\u00f3 de personal, gestionem la seva candidatura per posicionar-la en el c\u00e0rrec i entorn que ens portin al seu desenvolupament i \u00e8xit professional<strong> \/ INCLUSI\u00d3 EN PEDRERA DE PROFESSIONALS.<\/strong><\/li>\n<\/ul>\n<p>[\/et_pb_text][\/et_pb_column][et_pb_column type=&#8221;1_4&#8243; _builder_version=&#8221;4.16&#8243; custom_padding=&#8221;|||&#8221; global_colors_info=&#8221;{}&#8221; custom_padding__hover=&#8221;|||&#8221;][et_pb_image src=&#8221;http:\/\/dmasesores.com\/wp-content\/uploads\/2017\/04\/coaching_estudiantes_02.png&#8221; show_bottom_space=&#8221;off&#8221; align=&#8221;center&#8221; force_fullwidth=&#8221;on&#8221; align_tablet=&#8221;center&#8221; align_last_edited=&#8221;on|desktop&#8221; disabled_on=&#8221;on||&#8221; admin_label=&#8221;Imagen&#8221; _builder_version=&#8221;4.16&#8243; custom_margin=&#8221;0px|-100px|0px|-30px&#8221; use_border_color=&#8221;off&#8221; border_color=&#8221;#ffffff&#8221; border_style=&#8221;solid&#8221; animation=&#8221;off&#8221; sticky=&#8221;on&#8221; always_center_on_mobile=&#8221;on&#8221; global_colors_info=&#8221;{}&#8221; align_phone=&#8221;center&#8221;][\/et_pb_image][\/et_pb_column][\/et_pb_row][\/et_pb_section][et_pb_section fb_built=&#8221;1&#8243; fullwidth=&#8221;on&#8221; admin_label=&#8221;Secci\u00f3n&#8221; _builder_version=&#8221;4.16&#8243; global_colors_info=&#8221;{}&#8221;][et_pb_fullwidth_image src=&#8221;http:\/\/dmasesores.com\/wp-content\/uploads\/2017\/04\/dmasesores_skyline_barcelona-1.png&#8221; admin_label=&#8221;Imagen de anchura completa&#8221; _builder_version=&#8221;4.16&#8243; use_border_color=&#8221;off&#8221; border_color=&#8221;#ffffff&#8221; border_style=&#8221;solid&#8221; animation=&#8221;off&#8221; global_colors_info=&#8221;{}&#8221;][\/et_pb_fullwidth_image][\/et_pb_section]<\/p>\n","protected":false},"excerpt":{"rendered":"<p>Avinguda Diagonal, 601, 8\u00aa Planta, 08028, Barcelonainfo@dmasesores.com | Tel. +34 646.483.187ORIENTACI\u00d3 &amp; COACHING PER A ESTUDIANTS Ens importen els professionals del futur. Aportem una metodologia pr\u00f2pia i personalitzada i el nostre gran coneixement de mercat de treball perqu\u00e8 els nostres joves puguin tra\u00e7ar correctament el seu itinerari acad\u00e8mic-formatiu i arribin a assolir els seus \u00e8xits [&hellip;]<\/p>\n","protected":false},"author":1,"featured_media":0,"parent":0,"menu_order":0,"comment_status":"closed","ping_status":"closed","template":"","meta":{"_et_pb_use_builder":"on","_et_pb_old_content":"","_et_gb_content_width":"","footnotes":""},"class_list":["post-706","page","type-page","status-publish","hentry"],"_links":{"self":[{"href":"https:\/\/www.dmasesores.com\/ca\/wp-json\/wp\/v2\/pages\/706","targetHints":{"allow":["GET"]}}],"collection":[{"href":"https:\/\/www.dmasesores.com\/ca\/wp-json\/wp\/v2\/pages"}],"about":[{"href":"https:\/\/www.dmasesores.com\/ca\/wp-json\/wp\/v2\/types\/page"}],"author":[{"embeddable":true,"href":"https:\/\/www.dmasesores.com\/ca\/wp-json\/wp\/v2\/users\/1"}],"replies":[{"embeddable":true,"href":"https:\/\/www.dmasesores.com\/ca\/wp-json\/wp\/v2\/comments?post=706"}],"version-history":[{"count":4,"href":"https:\/\/www.dmasesores.com\/ca\/wp-json\/wp\/v2\/pages\/706\/revisions"}],"predecessor-version":[{"id":5345,"href":"https:\/\/www.dmasesores.com\/ca\/wp-json\/wp\/v2\/pages\/706\/revisions\/5345"}],"wp:attachment":[{"href":"https:\/\/www.dmasesores.com\/ca\/wp-json\/wp\/v2\/media?parent=706"}],"curies":[{"name":"wp","href":"https:\/\/api.w.org\/{rel}","templated":true}]}}