{"id":702,"date":"2017-04-24T07:57:06","date_gmt":"2017-04-24T07:57:06","guid":{"rendered":"http:\/\/www.dmasesores.com\/coaching-de-carrera-profesional-para-directivos\/"},"modified":"2024-11-27T05:45:55","modified_gmt":"2024-11-27T05:45:55","slug":"coaching-mentoring-de-carrera-professional","status":"publish","type":"page","link":"https:\/\/www.dmasesores.com\/ca\/coaching-mentoring-de-carrera-professional\/","title":{"rendered":"Coaching &#038; Mentoring de Carrera Professional"},"content":{"rendered":"<p>[et_pb_section fb_built=&#8221;1&#8243; admin_label=&#8221;section&#8221; _builder_version=&#8221;4.16&#8243; background_color=&#8221;#c60000&#8243; custom_padding=&#8221;0px||0px|&#8221; transparent_background=&#8221;off&#8221; make_fullwidth=&#8221;off&#8221; use_custom_width=&#8221;off&#8221; width_unit=&#8221;on&#8221; global_colors_info=&#8221;{}&#8221;][et_pb_row column_structure=&#8221;1_2,1_2&#8243; admin_label=&#8221;row&#8221; _builder_version=&#8221;4.16&#8243; background_size=&#8221;initial&#8221; background_position=&#8221;top_left&#8221; background_repeat=&#8221;repeat&#8221; custom_padding=&#8221;10px||10px|&#8221; make_fullwidth=&#8221;off&#8221; use_custom_width=&#8221;off&#8221; width_unit=&#8221;on&#8221; global_colors_info=&#8221;{}&#8221;][et_pb_column type=&#8221;1_2&#8243; _builder_version=&#8221;4.16&#8243; custom_padding=&#8221;|||&#8221; global_colors_info=&#8221;{}&#8221; custom_padding__hover=&#8221;|||&#8221;][et_pb_text admin_label=&#8221;Texto&#8221; _builder_version=&#8221;4.22.1&#8243; background_size=&#8221;initial&#8221; background_position=&#8221;top_left&#8221; background_repeat=&#8221;repeat&#8221; background_layout=&#8221;dark&#8221; border_style=&#8221;solid&#8221; global_colors_info=&#8221;{}&#8221;]<\/p>\n<p>Avinguda Diagonal, 601, 8\u00aa Planta, 08028, Barcelona<\/p>\n<p>[\/et_pb_text][\/et_pb_column][et_pb_column type=&#8221;1_2&#8243; _builder_version=&#8221;4.16&#8243; custom_padding=&#8221;|||&#8221; global_colors_info=&#8221;{}&#8221; custom_padding__hover=&#8221;|||&#8221;][et_pb_text admin_label=&#8221;Texto&#8221; _builder_version=&#8221;4.22.1&#8243; header_font_size=&#8221;50&#8243; background_size=&#8221;initial&#8221; background_position=&#8221;top_left&#8221; background_repeat=&#8221;repeat&#8221; text_orientation=&#8221;right&#8221; background_layout=&#8221;dark&#8221; use_border_color=&#8221;off&#8221; border_color=&#8221;#ffffff&#8221; border_style=&#8221;solid&#8221; global_colors_info=&#8221;{}&#8221;]<\/p>\n<p><a href=\"mailto:info@dmasesores.com\" target=\"_blank\" rel=\"noopener noreferrer\"><span style=\"color: white;\"><u>info@dmasesores.com<\/u><\/span><\/a> | Tel. <strong>+34 646.483.187<\/strong><\/p>\n<p>[\/et_pb_text][\/et_pb_column][\/et_pb_row][\/et_pb_section][et_pb_section fb_built=&#8221;1&#8243; fullwidth=&#8221;on&#8221; admin_label=&#8221;Secci\u00f3n&#8221; _builder_version=&#8221;4.16&#8243; global_colors_info=&#8221;{}&#8221;][et_pb_fullwidth_image src=&#8221;http:\/\/dmasesores.com\/wp-content\/uploads\/2017\/04\/coaching_directivos.png&#8221; disabled_on=&#8221;on||&#8221; admin_label=&#8221;Imagen de anchura completa&#8221; _builder_version=&#8221;4.16&#8243; use_border_color=&#8221;off&#8221; border_color=&#8221;#ffffff&#8221; border_style=&#8221;solid&#8221; animation=&#8221;off&#8221; global_colors_info=&#8221;{}&#8221;][\/et_pb_fullwidth_image][\/et_pb_section][et_pb_section fb_built=&#8221;1&#8243; admin_label=&#8221;Secci\u00f3n&#8221; _builder_version=&#8221;4.16&#8243; global_colors_info=&#8221;{}&#8221;][et_pb_row column_structure=&#8221;3_4,1_4&#8243; admin_label=&#8221;Fila&#8221; _builder_version=&#8221;4.16&#8243; background_size=&#8221;initial&#8221; background_position=&#8221;top_left&#8221; background_repeat=&#8221;repeat&#8221; global_colors_info=&#8221;{}&#8221;][et_pb_column type=&#8221;3_4&#8243; _builder_version=&#8221;4.16&#8243; custom_padding=&#8221;|||&#8221; global_colors_info=&#8221;{}&#8221; custom_padding__hover=&#8221;|||&#8221;][et_pb_text admin_label=&#8221;Texto&#8221; _builder_version=&#8221;4.16&#8243; background_size=&#8221;initial&#8221; background_position=&#8221;top_left&#8221; background_repeat=&#8221;repeat&#8221; text_orientation=&#8221;justified&#8221; use_border_color=&#8221;off&#8221; border_color=&#8221;#ffffff&#8221; border_style=&#8221;solid&#8221; global_colors_info=&#8221;{}&#8221;]<\/p>\n<h1 class=\"title\" style=\"text-align: left;\"><span style=\"color: #c60000;\">COACHING &amp; MENTORING DE CARRERA PROFESSIONAL<br \/>\n<\/span><\/h1>\n<h1 style=\"text-align: left;\"><span style=\"color: #c60000;\"><strong><br \/>\n<\/strong><\/span><\/h1>\n<p>[\/et_pb_text][et_pb_text admin_label=&#8221;Texto&#8221; _builder_version=&#8221;4.16&#8243; background_size=&#8221;initial&#8221; background_position=&#8221;top_left&#8221; background_repeat=&#8221;repeat&#8221; text_orientation=&#8221;justified&#8221; use_border_color=&#8221;off&#8221; border_color=&#8221;#ffffff&#8221; border_style=&#8221;solid&#8221; global_colors_info=&#8221;{}&#8221;]<\/p>\n<p>Ens avala una metodologia pr\u00f2pia i el ser una de les empreses pioneres a Espanya en la prestaci\u00f3 de serveis de <strong>Coaching &amp; Mentoring de Carrera Professional<\/strong> amb un bagatge de m\u00e9s de 25 anys contribuint a la reubicaci\u00f3 i millora de carrera professional de molts directius i comandaments.<\/p>\n<p>Aquest servei s&#8217;adre\u00e7a a aquells Directius que es plantegen un<strong> &#8220;canvi o desenvolupament professional&#8221;<\/strong> sigui aquest dins de la pr\u00f2pia empresa o fora d&#8217;\u00e9lla, per inquietud o necessitat, i que volen tenir la m\u00e0xima informaci\u00f3, fiabilitat i objectivitat per gestionar la seva carrera professional amb total garantia d&#8217;\u00e8xit i establir un correcte plantejament de la mateixa a mig i llarg termini.<\/p>\n<p>Situacions en qu\u00e8 es genera la necessitat o inquietud: Canvi de treball \/ empresa o sector, recerca de nous projectes empresarials, falta de motivaci\u00f3, falta de desenvolupament professional, desocupaci\u00f3, reorienataci\u00f3n professional, reciclatge professional \/ elecci\u00f3 d&#8217;estudis especialitzats o de postgrau, coneixement del nivell d&#8217;ocupabilitat en el mercat.<\/p>\n<p><strong><br \/><span style=\"color: #c60000;\">Metodologia de treball:<\/span><\/strong><\/p>\n<ul>\n<li>Tot el treball es realitza mitjan\u00e7ant consultories individuals i personalitzades.<\/li>\n<li>Avaluaci\u00f3 del perfil personal.<\/li>\n<li>Avaluaci\u00f3 professional (Assesment Centre).<\/li>\n<li>Elaboraci\u00f3 d&#8217;informe psico-professional, en el qual es fa un balan\u00e7 dels seus punts forts i febles (DAFO), aix\u00ed com l&#8217;assessorament de com potenciar i dirigir correctament la seva carrera professional alineada amb els seus interessos, aptituds, par\u00e0metres i exig\u00e8ncies del mercat laboral , i quines decisions i accions han d&#8217;emprendre per al seu assoliment.<\/li>\n<li>Elaboraci\u00f3 del Pla de M\u00e0rqueting personal.<\/li>\n<li>Inclusi\u00f3 en base de candidatures exclusiva per a clients del programa.<\/li>\n<li>Seguiment i gesti\u00f3 de carrera professional (<strong>Career Management<\/strong>).<\/li>\n<\/ul>\n<p>[\/et_pb_text][\/et_pb_column][et_pb_column type=&#8221;1_4&#8243; _builder_version=&#8221;4.16&#8243; custom_padding=&#8221;|||&#8221; global_colors_info=&#8221;{}&#8221; custom_padding__hover=&#8221;|||&#8221;][et_pb_image src=&#8221;http:\/\/dmasesores.com\/wp-content\/uploads\/2017\/04\/coaching_directivos_2.png&#8221; show_bottom_space=&#8221;off&#8221; align=&#8221;center&#8221; force_fullwidth=&#8221;on&#8221; align_tablet=&#8221;center&#8221; align_phone=&#8221;center&#8221; align_last_edited=&#8221;on|desktop&#8221; disabled_on=&#8221;on||&#8221; admin_label=&#8221;Imagen&#8221; _builder_version=&#8221;4.16&#8243; custom_margin=&#8221;0px|-100px|0px|-30px&#8221; use_border_color=&#8221;off&#8221; border_color=&#8221;#ffffff&#8221; border_style=&#8221;solid&#8221; animation=&#8221;off&#8221; sticky=&#8221;on&#8221; always_center_on_mobile=&#8221;on&#8221; global_colors_info=&#8221;{}&#8221;][\/et_pb_image][\/et_pb_column][\/et_pb_row][\/et_pb_section][et_pb_section fb_built=&#8221;1&#8243; fullwidth=&#8221;on&#8221; admin_label=&#8221;Secci\u00f3n&#8221; _builder_version=&#8221;4.16&#8243; global_colors_info=&#8221;{}&#8221;][et_pb_fullwidth_image src=&#8221;http:\/\/dmasesores.com\/wp-content\/uploads\/2017\/04\/dmasesores_skyline_barcelona-1.png&#8221; admin_label=&#8221;Imagen de anchura completa&#8221; _builder_version=&#8221;4.16&#8243; use_border_color=&#8221;off&#8221; border_color=&#8221;#ffffff&#8221; border_style=&#8221;solid&#8221; animation=&#8221;off&#8221; global_colors_info=&#8221;{}&#8221;][\/et_pb_fullwidth_image][\/et_pb_section]<\/p>\n","protected":false},"excerpt":{"rendered":"<p>Avinguda Diagonal, 601, 8\u00aa Planta, 08028, Barcelonainfo@dmasesores.com | Tel. +34 646.483.187COACHING &amp; MENTORING DE CARRERA PROFESSIONAL Ens avala una metodologia pr\u00f2pia i el ser una de les empreses pioneres a Espanya en la prestaci\u00f3 de serveis de Coaching &amp; Mentoring de Carrera Professional amb un bagatge de m\u00e9s de 25 anys contribuint a la reubicaci\u00f3 [&hellip;]<\/p>\n","protected":false},"author":1,"featured_media":0,"parent":0,"menu_order":0,"comment_status":"closed","ping_status":"closed","template":"","meta":{"_et_pb_use_builder":"on","_et_pb_old_content":"","_et_gb_content_width":"","footnotes":""},"class_list":["post-702","page","type-page","status-publish","hentry"],"_links":{"self":[{"href":"https:\/\/www.dmasesores.com\/ca\/wp-json\/wp\/v2\/pages\/702","targetHints":{"allow":["GET"]}}],"collection":[{"href":"https:\/\/www.dmasesores.com\/ca\/wp-json\/wp\/v2\/pages"}],"about":[{"href":"https:\/\/www.dmasesores.com\/ca\/wp-json\/wp\/v2\/types\/page"}],"author":[{"embeddable":true,"href":"https:\/\/www.dmasesores.com\/ca\/wp-json\/wp\/v2\/users\/1"}],"replies":[{"embeddable":true,"href":"https:\/\/www.dmasesores.com\/ca\/wp-json\/wp\/v2\/comments?post=702"}],"version-history":[{"count":5,"href":"https:\/\/www.dmasesores.com\/ca\/wp-json\/wp\/v2\/pages\/702\/revisions"}],"predecessor-version":[{"id":5673,"href":"https:\/\/www.dmasesores.com\/ca\/wp-json\/wp\/v2\/pages\/702\/revisions\/5673"}],"wp:attachment":[{"href":"https:\/\/www.dmasesores.com\/ca\/wp-json\/wp\/v2\/media?parent=702"}],"curies":[{"name":"wp","href":"https:\/\/api.w.org\/{rel}","templated":true}]}}