{"id":699,"date":"2017-04-24T07:55:14","date_gmt":"2017-04-24T07:55:14","guid":{"rendered":"http:\/\/www.dmasesores.com\/consultoria-en-rrhh-2\/"},"modified":"2024-06-21T15:03:57","modified_gmt":"2024-06-21T15:03:57","slug":"consultoria-en-rrhh","status":"publish","type":"page","link":"https:\/\/www.dmasesores.com\/ca\/consultoria-en-rrhh\/","title":{"rendered":"Consultoria en RRHH"},"content":{"rendered":"<p>[et_pb_section fb_built=&#8221;1&#8243; admin_label=&#8221;section&#8221; _builder_version=&#8221;4.16&#8243; background_color=&#8221;#c60000&#8243; custom_padding=&#8221;0px||0px|&#8221; transparent_background=&#8221;off&#8221; make_fullwidth=&#8221;off&#8221; use_custom_width=&#8221;off&#8221; width_unit=&#8221;on&#8221; global_colors_info=&#8221;{}&#8221;][et_pb_row admin_label=&#8221;row&#8221; _builder_version=&#8221;4.16&#8243; background_size=&#8221;initial&#8221; background_position=&#8221;top_left&#8221; background_repeat=&#8221;repeat&#8221; custom_padding=&#8221;10px||10px|&#8221; make_fullwidth=&#8221;off&#8221; use_custom_width=&#8221;off&#8221; width_unit=&#8221;on&#8221; global_colors_info=&#8221;{}&#8221; column_structure=&#8221;1_2,1_2&#8243;][et_pb_column type=&#8221;1_2&#8243; _builder_version=&#8221;4.16&#8243; custom_padding=&#8221;|||&#8221; global_colors_info=&#8221;{}&#8221; custom_padding__hover=&#8221;|||&#8221;][et_pb_text admin_label=&#8221;Texto&#8221; _builder_version=&#8221;4.22.1&#8243; background_size=&#8221;initial&#8221; background_position=&#8221;top_left&#8221; background_repeat=&#8221;repeat&#8221; background_layout=&#8221;dark&#8221; hover_enabled=&#8221;0&#8243; border_style=&#8221;solid&#8221; global_colors_info=&#8221;{}&#8221; sticky_enabled=&#8221;0&#8243;]<\/p>\n<p>Avinguda Diagonal, 601, 8\u00aa Planta, 08028, Barcelona<\/p>\n<p>[\/et_pb_text][\/et_pb_column][et_pb_column type=&#8221;1_2&#8243; _builder_version=&#8221;4.16&#8243; custom_padding=&#8221;|||&#8221; global_colors_info=&#8221;{}&#8221; custom_padding__hover=&#8221;|||&#8221;][et_pb_text admin_label=&#8221;Texto&#8221; _builder_version=&#8221;4.22.1&#8243; header_font_size=&#8221;50&#8243; background_size=&#8221;initial&#8221; background_position=&#8221;top_left&#8221; background_repeat=&#8221;repeat&#8221; text_orientation=&#8221;right&#8221; background_layout=&#8221;dark&#8221; hover_enabled=&#8221;0&#8243; use_border_color=&#8221;off&#8221; border_color=&#8221;#ffffff&#8221; border_style=&#8221;solid&#8221; global_colors_info=&#8221;{}&#8221; sticky_enabled=&#8221;0&#8243;]<\/p>\n<p><a href=\"mailto:info@dmasesores.com\" target=\"_blank\" rel=\"noopener noreferrer\"><span style=\"color: white;\"><u>info@dmasesores.com<\/u><\/span><\/a> | Tel. <strong>+34 646.483.187<\/strong><\/p>\n<p>[\/et_pb_text][\/et_pb_column][\/et_pb_row][\/et_pb_section][et_pb_section fb_built=&#8221;1&#8243; fullwidth=&#8221;on&#8221; admin_label=&#8221;Secci\u00f3n&#8221; _builder_version=&#8221;4.16&#8243; global_colors_info=&#8221;{}&#8221;][et_pb_fullwidth_image src=&#8221;http:\/\/dmasesores.com\/wp-content\/uploads\/2017\/04\/recursos_humanos.png&#8221; disabled_on=&#8221;on||&#8221; admin_label=&#8221;Imagen de anchura completa&#8221; _builder_version=&#8221;4.16&#8243; use_border_color=&#8221;off&#8221; border_color=&#8221;#ffffff&#8221; border_style=&#8221;solid&#8221; animation=&#8221;off&#8221; global_colors_info=&#8221;{}&#8221;][\/et_pb_fullwidth_image][\/et_pb_section][et_pb_section fb_built=&#8221;1&#8243; admin_label=&#8221;Secci\u00f3n&#8221; _builder_version=&#8221;4.16&#8243; global_colors_info=&#8221;{}&#8221;][et_pb_row admin_label=&#8221;Fila&#8221; _builder_version=&#8221;4.16&#8243; background_size=&#8221;initial&#8221; background_position=&#8221;top_left&#8221; background_repeat=&#8221;repeat&#8221; global_colors_info=&#8221;{}&#8221; column_structure=&#8221;3_4,1_4&#8243;][et_pb_column type=&#8221;3_4&#8243; _builder_version=&#8221;4.16&#8243; custom_padding=&#8221;|||&#8221; global_colors_info=&#8221;{}&#8221; custom_padding__hover=&#8221;|||&#8221;][et_pb_text admin_label=&#8221;Texto&#8221; _builder_version=&#8221;4.16&#8243; background_size=&#8221;initial&#8221; background_position=&#8221;top_left&#8221; background_repeat=&#8221;repeat&#8221; text_orientation=&#8221;justified&#8221; use_border_color=&#8221;off&#8221; border_color=&#8221;#ffffff&#8221; border_style=&#8221;solid&#8221; global_colors_info=&#8221;{}&#8221;]<\/p>\n<h1 class=\"title\"><span style=\"color: #c60000;\">CONSULTORIA EN RR.HH I ORGANITZACI\u00d3<\/span><\/h1>\n<h1 style=\"text-align: left;\"><span style=\"color: #c60000;\"><strong><br \/>\n<\/strong><\/span><\/h1>\n<p>[\/et_pb_text][et_pb_text admin_label=&#8221;Texto&#8221; _builder_version=&#8221;4.16&#8243; background_size=&#8221;initial&#8221; background_position=&#8221;top_left&#8221; background_repeat=&#8221;repeat&#8221; text_orientation=&#8221;justified&#8221; use_border_color=&#8221;off&#8221; border_color=&#8221;#ffffff&#8221; border_style=&#8221;solid&#8221; global_colors_info=&#8221;{}&#8221;]La nostra Divisi\u00f3 de Consultoria aglutina tots aquells serveis que es presten als nostres clients amb l&#8217;objectiu de millorar la seva organitzaci\u00f3 empresarial, la seva gesti\u00f3 dels recursos humans, i la seva rendibilitat.<\/p>\n<p>Realitzem una an\u00e0lisi exhaustiva de les necessitats actuals i futures del Client i dissenyem i executem aquelles accions necess\u00e0ries per obtenir i aconseguir els resultats i objectius previstos.<\/p>\n<p><strong><br \/>\n<span style=\"color: #c60000;\">Serveis:<\/span><\/strong><\/p>\n<ul>\n<li>An\u00e0lisi organitzatiu.<\/li>\n<li>Reorganitzaci\u00f3 i Optimitzaci\u00f3 de Departaments.<\/li>\n<li>Suport Gerencial i Professionalitzaci\u00f3 de la Gesti\u00f3 d&#8217;Empreses Familiars.<\/li>\n<li>Definici\u00f3 i Organitzaci\u00f3 d&#8217;Estructures.<\/li>\n<li>Outsourcing en la Gesti\u00f3 dels Recursos Humans<\/li>\n<li>Estudis de Clima Laboral.<\/li>\n<li>Valoraci\u00f3 de Llocs de Treball (VPT).<\/li>\n<li>An\u00e0lisi i Descripci\u00f3 de Llocs de Treball (DPT).<\/li>\n<li>Estudis de Pol\u00edtiques i Sistemes retributius.<\/li>\n<\/ul>\n<p>[\/et_pb_text][\/et_pb_column][et_pb_column type=&#8221;1_4&#8243; _builder_version=&#8221;4.16&#8243; custom_padding=&#8221;|||&#8221; global_colors_info=&#8221;{}&#8221; custom_padding__hover=&#8221;|||&#8221;][et_pb_image src=&#8221;http:\/\/dmasesores.com\/wp-content\/uploads\/2017\/04\/organizacion.png&#8221; show_bottom_space=&#8221;off&#8221; align=&#8221;center&#8221; force_fullwidth=&#8221;on&#8221; align_tablet=&#8221;center&#8221; align_last_edited=&#8221;on|desktop&#8221; disabled_on=&#8221;on||&#8221; admin_label=&#8221;Imagen&#8221; _builder_version=&#8221;4.16&#8243; custom_margin=&#8221;0px|-100px|0px|-30px&#8221; use_border_color=&#8221;off&#8221; border_color=&#8221;#ffffff&#8221; border_style=&#8221;solid&#8221; animation=&#8221;off&#8221; sticky=&#8221;on&#8221; always_center_on_mobile=&#8221;on&#8221; global_colors_info=&#8221;{}&#8221; align_phone=&#8221;center&#8221;][\/et_pb_image][\/et_pb_column][\/et_pb_row][\/et_pb_section][et_pb_section fb_built=&#8221;1&#8243; fullwidth=&#8221;on&#8221; admin_label=&#8221;Secci\u00f3n&#8221; _builder_version=&#8221;4.16&#8243; global_colors_info=&#8221;{}&#8221;][et_pb_fullwidth_image src=&#8221;http:\/\/dmasesores.com\/wp-content\/uploads\/2017\/04\/dmasesores_skyline_barcelona-1.png&#8221; admin_label=&#8221;Imagen de anchura completa&#8221; _builder_version=&#8221;4.16&#8243; use_border_color=&#8221;off&#8221; border_color=&#8221;#ffffff&#8221; border_style=&#8221;solid&#8221; animation=&#8221;off&#8221; global_colors_info=&#8221;{}&#8221;][\/et_pb_fullwidth_image][\/et_pb_section]<\/p>\n","protected":false},"excerpt":{"rendered":"<p>Avinguda Diagonal, 601, 8\u00aa Planta, 08028, Barcelonainfo@dmasesores.com | Tel. +34 646.483.187CONSULTORIA EN RR.HH I ORGANITZACI\u00d3 La nostra Divisi\u00f3 de Consultoria aglutina tots aquells serveis que es presten als nostres clients amb l&#8217;objectiu de millorar la seva organitzaci\u00f3 empresarial, la seva gesti\u00f3 dels recursos humans, i la seva rendibilitat. Realitzem una an\u00e0lisi exhaustiva de les necessitats [&hellip;]<\/p>\n","protected":false},"author":1,"featured_media":0,"parent":0,"menu_order":0,"comment_status":"closed","ping_status":"closed","template":"","meta":{"_et_pb_use_builder":"on","_et_pb_old_content":"","_et_gb_content_width":"","footnotes":""},"class_list":["post-699","page","type-page","status-publish","hentry"],"_links":{"self":[{"href":"https:\/\/www.dmasesores.com\/ca\/wp-json\/wp\/v2\/pages\/699","targetHints":{"allow":["GET"]}}],"collection":[{"href":"https:\/\/www.dmasesores.com\/ca\/wp-json\/wp\/v2\/pages"}],"about":[{"href":"https:\/\/www.dmasesores.com\/ca\/wp-json\/wp\/v2\/types\/page"}],"author":[{"embeddable":true,"href":"https:\/\/www.dmasesores.com\/ca\/wp-json\/wp\/v2\/users\/1"}],"replies":[{"embeddable":true,"href":"https:\/\/www.dmasesores.com\/ca\/wp-json\/wp\/v2\/comments?post=699"}],"version-history":[{"count":5,"href":"https:\/\/www.dmasesores.com\/ca\/wp-json\/wp\/v2\/pages\/699\/revisions"}],"predecessor-version":[{"id":5346,"href":"https:\/\/www.dmasesores.com\/ca\/wp-json\/wp\/v2\/pages\/699\/revisions\/5346"}],"wp:attachment":[{"href":"https:\/\/www.dmasesores.com\/ca\/wp-json\/wp\/v2\/media?parent=699"}],"curies":[{"name":"wp","href":"https:\/\/api.w.org\/{rel}","templated":true}]}}