{"id":696,"date":"2017-04-24T08:26:36","date_gmt":"2017-04-24T08:26:36","guid":{"rendered":"http:\/\/www.dmasesores.com\/evaluacion-de-personal\/"},"modified":"2026-03-29T16:15:39","modified_gmt":"2026-03-29T16:15:39","slug":"avaluacio-de-personal","status":"publish","type":"page","link":"https:\/\/www.dmasesores.com\/ca\/avaluacio-de-personal\/","title":{"rendered":"Avaluaci\u00f3 de Personal"},"content":{"rendered":"<p>[et_pb_section fb_built=&#8221;1&#8243; admin_label=&#8221;section&#8221; _builder_version=&#8221;4.16&#8243; background_color=&#8221;#c60000&#8243; custom_padding=&#8221;0px||0px|&#8221; transparent_background=&#8221;off&#8221; make_fullwidth=&#8221;off&#8221; use_custom_width=&#8221;off&#8221; width_unit=&#8221;on&#8221; global_colors_info=&#8221;{}&#8221;][et_pb_row admin_label=&#8221;row&#8221; _builder_version=&#8221;4.16&#8243; background_size=&#8221;initial&#8221; background_position=&#8221;top_left&#8221; background_repeat=&#8221;repeat&#8221; custom_padding=&#8221;10px||10px|&#8221; make_fullwidth=&#8221;off&#8221; use_custom_width=&#8221;off&#8221; width_unit=&#8221;on&#8221; global_colors_info=&#8221;{}&#8221; column_structure=&#8221;1_2,1_2&#8243;][et_pb_column type=&#8221;1_2&#8243; _builder_version=&#8221;4.16&#8243; custom_padding=&#8221;|||&#8221; global_colors_info=&#8221;{}&#8221; custom_padding__hover=&#8221;|||&#8221;][et_pb_text admin_label=&#8221;Texto&#8221; _builder_version=&#8221;4.22.1&#8243; background_size=&#8221;initial&#8221; background_position=&#8221;top_left&#8221; background_repeat=&#8221;repeat&#8221; background_layout=&#8221;dark&#8221; hover_enabled=&#8221;0&#8243; border_style=&#8221;solid&#8221; global_colors_info=&#8221;{}&#8221; sticky_enabled=&#8221;0&#8243;]<\/p>\n<p>Avinguda Diagonal, 601, 8\u00aa Planta, 08028, Barcelona<\/p>\n<p>[\/et_pb_text][\/et_pb_column][et_pb_column type=&#8221;1_2&#8243; _builder_version=&#8221;4.16&#8243; custom_padding=&#8221;|||&#8221; global_colors_info=&#8221;{}&#8221; custom_padding__hover=&#8221;|||&#8221;][et_pb_text admin_label=&#8221;Texto&#8221; _builder_version=&#8221;4.22.1&#8243; header_font_size=&#8221;50&#8243; background_size=&#8221;initial&#8221; background_position=&#8221;top_left&#8221; background_repeat=&#8221;repeat&#8221; text_orientation=&#8221;right&#8221; background_layout=&#8221;dark&#8221; hover_enabled=&#8221;0&#8243; use_border_color=&#8221;off&#8221; border_color=&#8221;#ffffff&#8221; border_style=&#8221;solid&#8221; global_colors_info=&#8221;{}&#8221; sticky_enabled=&#8221;0&#8243;]<\/p>\n<p><a href=\"mailto:info@dmasesores.com\" target=\"_blank\" rel=\"noopener noreferrer\"><span style=\"color: white;\"><u>info@dmasesores.com<\/u><\/span><\/a> | Tel. <strong>+34 646.483.187<\/strong><\/p>\n<p>[\/et_pb_text][\/et_pb_column][\/et_pb_row][\/et_pb_section][et_pb_section fb_built=&#8221;1&#8243; fullwidth=&#8221;on&#8221; admin_label=&#8221;Secci\u00f3n&#8221; _builder_version=&#8221;4.16&#8243; global_colors_info=&#8221;{}&#8221;][et_pb_fullwidth_image src=&#8221;http:\/\/dmasesores.com\/wp-content\/uploads\/2017\/04\/talento.png&#8221; disabled_on=&#8221;on||&#8221; admin_label=&#8221;Imagen de anchura completa&#8221; _builder_version=&#8221;4.16&#8243; use_border_color=&#8221;off&#8221; border_color=&#8221;#ffffff&#8221; border_style=&#8221;solid&#8221; animation=&#8221;off&#8221; global_colors_info=&#8221;{}&#8221;][\/et_pb_fullwidth_image][\/et_pb_section][et_pb_section fb_built=&#8221;1&#8243; admin_label=&#8221;Secci\u00f3n&#8221; _builder_version=&#8221;4.16&#8243; global_colors_info=&#8221;{}&#8221;][et_pb_row admin_label=&#8221;Fila&#8221; _builder_version=&#8221;4.16&#8243; background_size=&#8221;initial&#8221; background_position=&#8221;top_left&#8221; background_repeat=&#8221;repeat&#8221; global_colors_info=&#8221;{}&#8221; column_structure=&#8221;3_4,1_4&#8243;][et_pb_column type=&#8221;3_4&#8243; _builder_version=&#8221;4.16&#8243; custom_padding=&#8221;|||&#8221; global_colors_info=&#8221;{}&#8221; custom_padding__hover=&#8221;|||&#8221;][et_pb_text admin_label=&#8221;Texto&#8221; _builder_version=&#8221;4.16&#8243; background_size=&#8221;initial&#8221; background_position=&#8221;top_left&#8221; background_repeat=&#8221;repeat&#8221; text_orientation=&#8221;justified&#8221; use_border_color=&#8221;off&#8221; border_color=&#8221;#ffffff&#8221; border_style=&#8221;solid&#8221; global_colors_info=&#8221;{}&#8221;]<\/p>\n<h1 class=\"title\"><span style=\"color: #c60000;\">EVALUACI\u00d3 DE PERSONAL<\/span><\/h1>\n<h1 style=\"text-align: left;\"><span style=\"color: #c60000;\"><strong><br \/>\n<\/strong><\/span><\/h1>\n<p>[\/et_pb_text][et_pb_text admin_label=&#8221;Texto&#8221; _builder_version=&#8221;4.16&#8243; background_size=&#8221;initial&#8221; background_position=&#8221;top_left&#8221; background_repeat=&#8221;repeat&#8221; text_orientation=&#8221;justified&#8221; use_border_color=&#8221;off&#8221; border_color=&#8221;#ffffff&#8221; border_style=&#8221;solid&#8221; global_colors_info=&#8221;{}&#8221;]<strong>Servei d&#8217;avaluaci\u00f3 del Talent<\/strong> per con\u00e8ixer idone\u00eftat i adequaci\u00f3 dels candidats al lloc de treball i a l&#8217;organitzaci\u00f3. Disposem d&#8217;una metodologia pr\u00f2pia i totalment contrastada per avaluar les compet\u00e8ncies, actituds i motivacions dels candidats, amb l&#8217;objectiu <strong>d&#8217;identificar el talent intern i extern per a la seva organitzaci\u00f3.<\/strong><\/p>\n<p><strong><br \/>\n<span style=\"color: #c60000;\">Situacions d&#8217;utilitat del servei:<\/span><\/strong><\/p>\n<ul>\n<li><strong>Noves incorporacions: <\/strong>Empreses que realitzen directament els seus processos de selecci\u00f3 i volen tenir una avaluaci\u00f3 externa, objectiva i exhaustiva del candidat o candidats a incorporar.<strong><br \/>\n<\/strong><\/li>\n<li><strong>Processos de promoci\u00f3 interna o relleu generacional: <\/strong>Avaluar i contrastar els candidats aspirants al lloc.<strong><br \/>\n<\/strong><\/li>\n<li><strong>Plans de carrera.<br \/>\n<\/strong><\/li>\n<li><strong>Coneixement del potencial hum\u00e0 de l&#8217;empresa.<br \/>\n<\/strong><\/li>\n<li><strong>Plans de creixement i nous projectes.<br \/>\n<\/strong><\/li>\n<li><strong>Processos de reestructuraci\u00f3.<br \/>\n<\/strong><\/li>\n<li><strong>Processos d&#8217;adquisici\u00f3 i fusi\u00f3 d&#8217;empreses<br \/>\n<\/strong><\/li>\n<li><strong>Fidelitzaci\u00f3 del Talent.<\/strong><\/li>\n<\/ul>\n<p>[\/et_pb_text][\/et_pb_column][et_pb_column type=&#8221;1_4&#8243; _builder_version=&#8221;4.16&#8243; custom_padding=&#8221;|||&#8221; global_colors_info=&#8221;{}&#8221; custom_padding__hover=&#8221;|||&#8221;][et_pb_image src=&#8221;http:\/\/dmasesores.com\/wp-content\/uploads\/2017\/04\/evaluacion_personal.png&#8221; show_bottom_space=&#8221;off&#8221; align=&#8221;center&#8221; force_fullwidth=&#8221;on&#8221; align_tablet=&#8221;center&#8221; align_last_edited=&#8221;on|desktop&#8221; disabled_on=&#8221;on||&#8221; admin_label=&#8221;Imagen&#8221; _builder_version=&#8221;4.16&#8243; custom_margin=&#8221;0px|-100px|0px|-30px&#8221; use_border_color=&#8221;off&#8221; border_color=&#8221;#ffffff&#8221; border_style=&#8221;solid&#8221; animation=&#8221;off&#8221; sticky=&#8221;on&#8221; always_center_on_mobile=&#8221;on&#8221; global_colors_info=&#8221;{}&#8221; align_phone=&#8221;center&#8221;][\/et_pb_image][\/et_pb_column][\/et_pb_row][\/et_pb_section][et_pb_section fb_built=&#8221;1&#8243; fullwidth=&#8221;on&#8221; admin_label=&#8221;Secci\u00f3n&#8221; _builder_version=&#8221;4.16&#8243; global_colors_info=&#8221;{}&#8221;][et_pb_fullwidth_image src=&#8221;http:\/\/dmasesores.com\/wp-content\/uploads\/2017\/04\/dmasesores_skyline_barcelona-1.png&#8221; admin_label=&#8221;Imagen de anchura completa&#8221; _builder_version=&#8221;4.16&#8243; use_border_color=&#8221;off&#8221; border_color=&#8221;#ffffff&#8221; border_style=&#8221;solid&#8221; animation=&#8221;off&#8221; global_colors_info=&#8221;{}&#8221;][\/et_pb_fullwidth_image][\/et_pb_section]<\/p>\n","protected":false},"excerpt":{"rendered":"<p>Avinguda Diagonal, 601, 8\u00aa Planta, 08028, Barcelonainfo@dmasesores.com | Tel. +34 646.483.187EVALUACI\u00d3 DE PERSONAL Servei d&#8217;avaluaci\u00f3 del Talent per con\u00e8ixer idone\u00eftat i adequaci\u00f3 dels candidats al lloc de treball i a l&#8217;organitzaci\u00f3. Disposem d&#8217;una metodologia pr\u00f2pia i totalment contrastada per avaluar les compet\u00e8ncies, actituds i motivacions dels candidats, amb l&#8217;objectiu d&#8217;identificar el talent intern i extern [&hellip;]<\/p>\n","protected":false},"author":1,"featured_media":0,"parent":0,"menu_order":0,"comment_status":"closed","ping_status":"closed","template":"","meta":{"_et_pb_use_builder":"on","_et_pb_old_content":"","_et_gb_content_width":"","footnotes":""},"class_list":["post-696","page","type-page","status-publish","hentry"],"_links":{"self":[{"href":"https:\/\/www.dmasesores.com\/ca\/wp-json\/wp\/v2\/pages\/696","targetHints":{"allow":["GET"]}}],"collection":[{"href":"https:\/\/www.dmasesores.com\/ca\/wp-json\/wp\/v2\/pages"}],"about":[{"href":"https:\/\/www.dmasesores.com\/ca\/wp-json\/wp\/v2\/types\/page"}],"author":[{"embeddable":true,"href":"https:\/\/www.dmasesores.com\/ca\/wp-json\/wp\/v2\/users\/1"}],"replies":[{"embeddable":true,"href":"https:\/\/www.dmasesores.com\/ca\/wp-json\/wp\/v2\/comments?post=696"}],"version-history":[{"count":5,"href":"https:\/\/www.dmasesores.com\/ca\/wp-json\/wp\/v2\/pages\/696\/revisions"}],"predecessor-version":[{"id":6420,"href":"https:\/\/www.dmasesores.com\/ca\/wp-json\/wp\/v2\/pages\/696\/revisions\/6420"}],"wp:attachment":[{"href":"https:\/\/www.dmasesores.com\/ca\/wp-json\/wp\/v2\/media?parent=696"}],"curies":[{"name":"wp","href":"https:\/\/api.w.org\/{rel}","templated":true}]}}