{"id":687,"date":"2017-04-20T11:54:16","date_gmt":"2017-04-20T11:54:16","guid":{"rendered":"http:\/\/www.dmasesores.com\/informacion-legal\/"},"modified":"2024-06-19T15:55:22","modified_gmt":"2024-06-19T15:55:22","slug":"informacio-legal","status":"publish","type":"page","link":"https:\/\/www.dmasesores.com\/ca\/informacio-legal\/","title":{"rendered":"INFORMACIO LEGAL"},"content":{"rendered":"<p>[et_pb_section fb_built=&#8221;1&#8243; admin_label=&#8221;section&#8221; _builder_version=&#8221;4.16&#8243; global_colors_info=&#8221;{}&#8221;][et_pb_row admin_label=&#8221;row&#8221; _builder_version=&#8221;4.16&#8243; background_size=&#8221;initial&#8221; background_position=&#8221;top_left&#8221; background_repeat=&#8221;repeat&#8221; global_colors_info=&#8221;{}&#8221;][et_pb_column type=&#8221;4_4&#8243; _builder_version=&#8221;4.16&#8243; custom_padding=&#8221;|||&#8221; global_colors_info=&#8221;{}&#8221; custom_padding__hover=&#8221;|||&#8221;][et_pb_text _builder_version=&#8221;4.16&#8243; background_size=&#8221;initial&#8221; background_position=&#8221;top_left&#8221; background_repeat=&#8221;repeat&#8221; use_border_color=&#8221;off&#8221; global_colors_info=&#8221;{}&#8221;]<\/p>\n<h3><span style=\"color: #c60000;\">INFORMACI\u00d3 LEGAL<\/span><\/h3>\n<p><strong>Responsable: D&amp;M ASESORES CONSULTORES EMPRESARIALES, S.L. &#8211; NIF: B61183562<\/strong>. Dir. Postal: Avinguda Diagonal, 601, 8\u00aa Planta, 08028, Barcelona. Tel\u00e8fon: 34 646483187. Correu elect: info@dmasesores.com.<\/p>\n<p>&#8220;En nom de l&#8217;empresa tractem la informaci\u00f3 que ens facilita per tal de mantenir-lo informat de les diferents vacants a un lloc de treball que es produeixin en les nostres empreses clients. Les dades proporcionades es conservaran fins a l&#8217;adjudicaci\u00f3 d&#8217;un lloc de treball, com a m\u00e0xim un any, o fins que vost\u00e8 exerceixi el seu dret de cancel\u00b7laci\u00f3, per tant t\u00e9 dret a accedir a les seves dades personals, rectificar les dades inexactes o sol\u00b7licitar la seva supressi\u00f3 quan les dades ja no siguin necess\u00e0ries dirigint-se per escrit al responsable al correu electr\u00f2nic <a href=\"mailto:info@dmasesores.com\">info@dmasesores.com<\/a>. Les dades es cediran a clients que ens encarreguen els serveis professionals de cerca i selecci\u00f3 de personal, sempre que coincideixi amb el vostre perfil professional. &#8220;<\/p>\n<p>[\/et_pb_text][\/et_pb_column][\/et_pb_row][\/et_pb_section][et_pb_section fb_built=&#8221;1&#8243; fullwidth=&#8221;on&#8221; _builder_version=&#8221;4.16&#8243; global_colors_info=&#8221;{}&#8221;][et_pb_fullwidth_image src=&#8221;http:\/\/dmasesores.com\/wp-content\/uploads\/2017\/04\/dmasesores_skyline_barcelona-1.png&#8221; _builder_version=&#8221;4.16&#8243; use_border_color=&#8221;off&#8221; border_color=&#8221;#ffffff&#8221; border_style=&#8221;solid&#8221; animation=&#8221;off&#8221; global_colors_info=&#8221;{}&#8221;][\/et_pb_fullwidth_image][\/et_pb_section]<\/p>\n","protected":false},"excerpt":{"rendered":"<p>INFORMACI\u00d3 LEGAL Responsable: D&amp;M ASESORES CONSULTORES EMPRESARIALES, S.L. &#8211; NIF: B61183562. Dir. Postal: Avinguda Diagonal, 601, 8\u00aa Planta, 08028, Barcelona. Tel\u00e8fon: 34 646483187. Correu elect: info@dmasesores.com. &#8220;En nom de l&#8217;empresa tractem la informaci\u00f3 que ens facilita per tal de mantenir-lo informat de les diferents vacants a un lloc de treball que es produeixin en les [&hellip;]<\/p>\n","protected":false},"author":1,"featured_media":0,"parent":0,"menu_order":0,"comment_status":"closed","ping_status":"closed","template":"","meta":{"_et_pb_use_builder":"on","_et_pb_old_content":"","_et_gb_content_width":"","footnotes":""},"class_list":["post-687","page","type-page","status-publish","hentry"],"_links":{"self":[{"href":"https:\/\/www.dmasesores.com\/ca\/wp-json\/wp\/v2\/pages\/687","targetHints":{"allow":["GET"]}}],"collection":[{"href":"https:\/\/www.dmasesores.com\/ca\/wp-json\/wp\/v2\/pages"}],"about":[{"href":"https:\/\/www.dmasesores.com\/ca\/wp-json\/wp\/v2\/types\/page"}],"author":[{"embeddable":true,"href":"https:\/\/www.dmasesores.com\/ca\/wp-json\/wp\/v2\/users\/1"}],"replies":[{"embeddable":true,"href":"https:\/\/www.dmasesores.com\/ca\/wp-json\/wp\/v2\/comments?post=687"}],"version-history":[{"count":5,"href":"https:\/\/www.dmasesores.com\/ca\/wp-json\/wp\/v2\/pages\/687\/revisions"}],"predecessor-version":[{"id":5312,"href":"https:\/\/www.dmasesores.com\/ca\/wp-json\/wp\/v2\/pages\/687\/revisions\/5312"}],"wp:attachment":[{"href":"https:\/\/www.dmasesores.com\/ca\/wp-json\/wp\/v2\/media?parent=687"}],"curies":[{"name":"wp","href":"https:\/\/api.w.org\/{rel}","templated":true}]}}